{"id":998,"date":"2023-08-06T17:15:40","date_gmt":"2023-08-06T20:15:40","guid":{"rendered":"https:\/\/audicont.com.br\/?page_id=998"},"modified":"2023-09-25T16:43:03","modified_gmt":"2023-09-25T19:43:03","slug":"governanca-empresarial","status":"publish","type":"page","link":"https:\/\/audicont.com.br\/?page_id=998","title":{"rendered":"Adequa\u00e7\u00e3o, Compliance e Governan\u00e7a"},"content":{"rendered":"\t\t<div data-elementor-type=\"wp-page\" data-elementor-id=\"998\" class=\"elementor elementor-998\" data-elementor-post-type=\"page\">\n\t\t\t\t\t\t<section class=\"elementor-section elementor-top-section elementor-element elementor-element-2f518729 elementor-section-height-min-height elementor-section-items-stretch elementor-section-content-middle elementor-section-boxed elementor-section-height-default\" data-id=\"2f518729\" data-element_type=\"section\" data-e-type=\"section\" data-settings=\"{&quot;background_background&quot;:&quot;classic&quot;}\">\n\t\t\t\t\t\t\t<div class=\"elementor-background-overlay\"><\/div>\n\t\t\t\t\t\t\t<div class=\"elementor-container elementor-column-gap-default\">\n\t\t\t\t\t<div class=\"elementor-column elementor-col-100 elementor-top-column elementor-element elementor-element-d9c4c93\" data-id=\"d9c4c93\" data-element_type=\"column\" data-e-type=\"column\">\n\t\t\t<div class=\"elementor-widget-wrap elementor-element-populated\">\n\t\t\t\t\t\t<section class=\"elementor-section elementor-inner-section elementor-element elementor-element-2b2f8382 elementor-section-boxed elementor-section-height-default elementor-section-height-default\" data-id=\"2b2f8382\" data-element_type=\"section\" data-e-type=\"section\">\n\t\t\t\t\t\t<div class=\"elementor-container elementor-column-gap-default\">\n\t\t\t\t\t<div class=\"elementor-column elementor-col-50 elementor-inner-column elementor-element elementor-element-123c1f7d\" data-id=\"123c1f7d\" data-element_type=\"column\" data-e-type=\"column\">\n\t\t\t<div class=\"elementor-widget-wrap elementor-element-populated\">\n\t\t\t\t\t\t\t<\/div>\n\t\t<\/div>\n\t\t\t\t<div class=\"elementor-column elementor-col-50 elementor-inner-column elementor-element elementor-element-2023bc2d\" data-id=\"2023bc2d\" data-element_type=\"column\" data-e-type=\"column\">\n\t\t\t<div class=\"elementor-widget-wrap\">\n\t\t\t\t\t\t\t<\/div>\n\t\t<\/div>\n\t\t\t\t\t<\/div>\n\t\t<\/section>\n\t\t\t\t\t<\/div>\n\t\t<\/div>\n\t\t\t\t\t<\/div>\n\t\t<\/section>\n\t\t\t\t<section class=\"elementor-section elementor-top-section elementor-element elementor-element-29b3111b elementor-reverse-tablet elementor-reverse-mobile elementor-section-boxed elementor-section-height-default elementor-section-height-default\" data-id=\"29b3111b\" data-element_type=\"section\" data-e-type=\"section\">\n\t\t\t\t\t\t<div class=\"elementor-container elementor-column-gap-default\">\n\t\t\t\t\t<div class=\"elementor-column elementor-col-50 elementor-top-column elementor-element elementor-element-2de2b21c\" data-id=\"2de2b21c\" data-element_type=\"column\" data-e-type=\"column\">\n\t\t\t<div class=\"elementor-widget-wrap elementor-element-populated\">\n\t\t\t\t\t\t<section class=\"elementor-section elementor-inner-section elementor-element elementor-element-7649c938 elementor-section-boxed elementor-section-height-default elementor-section-height-default\" data-id=\"7649c938\" data-element_type=\"section\" data-e-type=\"section\">\n\t\t\t\t\t\t<div class=\"elementor-container elementor-column-gap-default\">\n\t\t\t\t\t<div class=\"elementor-column elementor-col-100 elementor-inner-column elementor-element elementor-element-16b1b472\" data-id=\"16b1b472\" data-element_type=\"column\" data-e-type=\"column\">\n\t\t\t<div class=\"elementor-widget-wrap elementor-element-populated\">\n\t\t\t\t\t\t<div class=\"elementor-element elementor-element-378ab951 elementor-widget-divider--view-line elementor-widget elementor-widget-divider\" data-id=\"378ab951\" data-element_type=\"widget\" data-e-type=\"widget\" data-widget_type=\"divider.default\">\n\t\t\t\t<div class=\"elementor-widget-container\">\n\t\t\t\t\t\t\t<div class=\"elementor-divider\">\n\t\t\t<span class=\"elementor-divider-separator\">\n\t\t\t\t\t\t<\/span>\n\t\t<\/div>\n\t\t\t\t\t\t<\/div>\n\t\t\t\t<\/div>\n\t\t\t\t\t<\/div>\n\t\t<\/div>\n\t\t\t\t\t<\/div>\n\t\t<\/section>\n\t\t\t\t<div class=\"elementor-element elementor-element-166abf95 elementor-nav-menu__align-start elementor-nav-menu--dropdown-tablet elementor-nav-menu__text-align-aside elementor-nav-menu--toggle elementor-nav-menu--burger elementor-widget elementor-widget-nav-menu\" data-id=\"166abf95\" data-element_type=\"widget\" data-e-type=\"widget\" data-settings=\"{&quot;layout&quot;:&quot;vertical&quot;,&quot;submenu_icon&quot;:{&quot;value&quot;:&quot;&lt;i class=\\&quot;fas fa-caret-down\\&quot; aria-hidden=\\&quot;true\\&quot;&gt;&lt;\\\/i&gt;&quot;,&quot;library&quot;:&quot;fa-solid&quot;},&quot;toggle&quot;:&quot;burger&quot;}\" data-widget_type=\"nav-menu.default\">\n\t\t\t\t<div class=\"elementor-widget-container\">\n\t\t\t\t\t\t\t\t<nav aria-label=\"Menu\" class=\"elementor-nav-menu--main elementor-nav-menu__container elementor-nav-menu--layout-vertical e--pointer-none\">\n\t\t\t\t<ul id=\"menu-1-166abf95\" class=\"elementor-nav-menu sm-vertical\"><li class=\"menu-item menu-item-type-custom menu-item-object-custom menu-item-1065\"><a href=\"https:\/\/audicont.com.br\/governanca-empresarial\/#compliance\" class=\"elementor-item elementor-item-anchor\">Compliance\u200b<\/a><\/li>\n<li class=\"menu-item menu-item-type-custom menu-item-object-custom menu-item-1064\"><a href=\"https:\/\/audicont.com.br\/governanca-empresarial\/#gestao-de-riscos\" class=\"elementor-item elementor-item-anchor\">Gest\u00e3o de Riscos\u200b<\/a><\/li>\n<li class=\"menu-item menu-item-type-custom menu-item-object-custom menu-item-1063\"><a href=\"https:\/\/audicont.com.br\/governanca-empresarial\/#auditoria-interna\" class=\"elementor-item elementor-item-anchor\">Auditoria Interna<\/a><\/li>\n<li class=\"menu-item menu-item-type-custom menu-item-object-custom menu-item-1148\"><a href=\"https:\/\/audicont.com.br\/governanca-empresarial\/#lgpd\" class=\"elementor-item elementor-item-anchor\">Lei Geral de Prote\u00e7\u00e3o de Dados \u2013 LGPD<\/a><\/li>\n<\/ul>\t\t\t<\/nav>\n\t\t\t\t\t<div class=\"elementor-menu-toggle\" role=\"button\" tabindex=\"0\" aria-label=\"Menu Toggle\" aria-expanded=\"false\">\n\t\t\t<i aria-hidden=\"true\" role=\"presentation\" class=\"elementor-menu-toggle__icon--open eicon-menu-bar\"><\/i><i aria-hidden=\"true\" role=\"presentation\" class=\"elementor-menu-toggle__icon--close eicon-close\"><\/i>\t\t<\/div>\n\t\t\t\t\t<nav class=\"elementor-nav-menu--dropdown elementor-nav-menu__container\" aria-hidden=\"true\">\n\t\t\t\t<ul id=\"menu-2-166abf95\" class=\"elementor-nav-menu sm-vertical\"><li class=\"menu-item menu-item-type-custom menu-item-object-custom menu-item-1065\"><a href=\"https:\/\/audicont.com.br\/governanca-empresarial\/#compliance\" class=\"elementor-item elementor-item-anchor\" tabindex=\"-1\">Compliance\u200b<\/a><\/li>\n<li class=\"menu-item menu-item-type-custom menu-item-object-custom menu-item-1064\"><a href=\"https:\/\/audicont.com.br\/governanca-empresarial\/#gestao-de-riscos\" class=\"elementor-item elementor-item-anchor\" tabindex=\"-1\">Gest\u00e3o de Riscos\u200b<\/a><\/li>\n<li class=\"menu-item menu-item-type-custom menu-item-object-custom menu-item-1063\"><a href=\"https:\/\/audicont.com.br\/governanca-empresarial\/#auditoria-interna\" class=\"elementor-item elementor-item-anchor\" tabindex=\"-1\">Auditoria Interna<\/a><\/li>\n<li class=\"menu-item menu-item-type-custom menu-item-object-custom menu-item-1148\"><a href=\"https:\/\/audicont.com.br\/governanca-empresarial\/#lgpd\" class=\"elementor-item elementor-item-anchor\" tabindex=\"-1\">Lei Geral de Prote\u00e7\u00e3o de Dados \u2013 LGPD<\/a><\/li>\n<\/ul>\t\t\t<\/nav>\n\t\t\t\t\t\t<\/div>\n\t\t\t\t<\/div>\n\t\t\t\t\t<\/div>\n\t\t<\/div>\n\t\t\t\t<div class=\"elementor-column elementor-col-50 elementor-top-column elementor-element elementor-element-de6ca71\" data-id=\"de6ca71\" data-element_type=\"column\" data-e-type=\"column\">\n\t\t\t<div class=\"elementor-widget-wrap elementor-element-populated\">\n\t\t\t\t\t\t<div class=\"elementor-element elementor-element-1f6b7676 elementor-widget elementor-widget-image\" data-id=\"1f6b7676\" data-element_type=\"widget\" data-e-type=\"widget\" data-widget_type=\"image.default\">\n\t\t\t\t<div class=\"elementor-widget-container\">\n\t\t\t\t\t\t\t\t\t\t\t\t\t\t\t<img fetchpriority=\"high\" decoding=\"async\" width=\"2000\" height=\"1333\" src=\"https:\/\/audicont.com.br\/wp-content\/uploads\/2023\/08\/counseling-lawyer-business-lawyers-working-about-legal-legislation-in-the-courtroom-to-help-their-cu.jpg\" class=\"attachment-full size-full wp-image-999\" alt=\"counseling lawyer business lawyers working about legal legislation in the courtroom to help their cu\" srcset=\"https:\/\/audicont.com.br\/wp-content\/uploads\/2023\/08\/counseling-lawyer-business-lawyers-working-about-legal-legislation-in-the-courtroom-to-help-their-cu.jpg 2000w, https:\/\/audicont.com.br\/wp-content\/uploads\/2023\/08\/counseling-lawyer-business-lawyers-working-about-legal-legislation-in-the-courtroom-to-help-their-cu-300x200.jpg 300w, https:\/\/audicont.com.br\/wp-content\/uploads\/2023\/08\/counseling-lawyer-business-lawyers-working-about-legal-legislation-in-the-courtroom-to-help-their-cu-1024x682.jpg 1024w, https:\/\/audicont.com.br\/wp-content\/uploads\/2023\/08\/counseling-lawyer-business-lawyers-working-about-legal-legislation-in-the-courtroom-to-help-their-cu-768x512.jpg 768w, https:\/\/audicont.com.br\/wp-content\/uploads\/2023\/08\/counseling-lawyer-business-lawyers-working-about-legal-legislation-in-the-courtroom-to-help-their-cu-1536x1024.jpg 1536w\" sizes=\"(max-width: 2000px) 100vw, 2000px\" \/>\t\t\t\t\t\t\t\t\t\t\t\t\t\t\t<\/div>\n\t\t\t\t<\/div>\n\t\t\t\t<div class=\"elementor-element elementor-element-3d7504f3 elementor-widget elementor-widget-text-editor\" data-id=\"3d7504f3\" data-element_type=\"widget\" data-e-type=\"widget\" data-widget_type=\"text-editor.default\">\n\t\t\t\t<div class=\"elementor-widget-container\">\n\t\t\t\t\t\t\t\t\t<p><span class=\"OYPEnA text-decoration-none text-strikethrough-none\">A boa governan\u00e7a incentiva a transpar\u00eancia, prote\u00e7\u00e3o e fortalecimento do neg\u00f3cio. Podemos apoi\u00e1-lo a implementar um Programa de Governan\u00e7a e Compliance para garantir que a sua empresa esteja em conformidade com as leis e regulamenta\u00e7\u00f5es vigentes.<\/span><\/p>\t\t\t\t\t\t\t\t<\/div>\n\t\t\t\t<\/div>\n\t\t\t\t<div class=\"elementor-element elementor-element-5277e37 elementor-widget elementor-widget-heading\" data-id=\"5277e37\" data-element_type=\"widget\" data-e-type=\"widget\" id=\"compliance\" data-widget_type=\"heading.default\">\n\t\t\t\t<div class=\"elementor-widget-container\">\n\t\t\t\t\t<h4 class=\"elementor-heading-title elementor-size-default\">Compliance<\/h4>\t\t\t\t<\/div>\n\t\t\t\t<\/div>\n\t\t\t\t<div class=\"elementor-element elementor-element-c2d803c elementor-widget elementor-widget-text-editor\" data-id=\"c2d803c\" data-element_type=\"widget\" data-e-type=\"widget\" data-widget_type=\"text-editor.default\">\n\t\t\t\t<div class=\"elementor-widget-container\">\n\t\t\t\t\t\t\t\t\t<p><span class=\"OYPEnA text-decoration-none text-strikethrough-none\">Em um ambiente cada vez mais regulado, a exig\u00eancia por transpar\u00eancia faz com que as empresas tenham que obter um n\u00edvel de governan\u00e7a corporativa mais elevado, a fim cumprir com as obriga\u00e7\u00f5es legais e atendimentos regulat\u00f3rios.<\/span><\/p>\n<p>Atuamos na combina\u00e7\u00e3o dos elementos das principais leis, nacionais e internacionais, relacionadas \u00e0 tem\u00e1tica, como a Lei Anticorrup\u00e7\u00e3o Brasileira, n. 12.846 e decreto n. 11.129 regulamentador, FCPA (Foreign Corrupt Practices Act), al\u00e9m dos manuais dispostos pela CGU (Controladoria Geral da Uni\u00e3o), ISO 37.001 (Antissuborno), ISO 37.301 (Sistema de Gest\u00e3o de Compliance), ISO 19.600 (Anticorrup\u00e7\u00e3o).<\/p>\n<p>Nossa abordagem pode apoiar sua empresa nos processos relacionados a Compliance e servi\u00e7os que contemplam atividades e pilares de um Programa de Compliance<\/p>\n<p><strong><span class=\"OYPEnA text-decoration-none text-strikethrough-none\">Como podemos ajudar?<\/span><\/strong><\/p>\n<ul>\n<li>\n<p><span class=\"OYPEnA text-decoration-none text-strikethrough-none\">Avalia\u00e7\u00e3o, desenho e implementa\u00e7\u00e3o de estrat\u00e9gias para implanta\u00e7\u00e3o e implementa\u00e7\u00e3o de Programa de Compliance;<\/span><\/p>\n<\/li>\n<li>\n<p><span class=\"OYPEnA text-decoration-none text-strikethrough-none\">Revis\u00e3o de Pol\u00edticas e Procedimentos, fortalecendo o Programa de Compliance e a dissemina\u00e7\u00e3o de a\u00e7\u00f5es \u00e9ticas e de boa conduta;<\/span><\/p>\n<\/li>\n<li>\n<p><span class=\"OYPEnA text-decoration-none text-strikethrough-none\">Gest\u00e3o do canal de den\u00fancias, garantindo confidencialidade e as devidas tratativas para as den\u00fancias recepcionadas;<\/span><\/p>\n<\/li>\n<li>\n<p><span class=\"OYPEnA text-decoration-none text-strikethrough-none\">Elabora\u00e7\u00e3o, revis\u00e3o e aplica\u00e7\u00e3o de treinamentos Workshops sobre o Programa de Compliance, C\u00f3digo de \u00c9tica e Conduta, Pol\u00edticas e Procedimentos, bem como a execu\u00e7\u00e3o individualizada de Plano de Capacita\u00e7\u00e3o direcionado para particularidades das Empresas, com o objetivo de disseminar uma cultura de integridade.<\/span><\/p>\n<\/li>\n<\/ul>\t\t\t\t\t\t\t\t<\/div>\n\t\t\t\t<\/div>\n\t\t\t\t<div class=\"elementor-element elementor-element-7980cf9 elementor-widget elementor-widget-heading\" data-id=\"7980cf9\" data-element_type=\"widget\" data-e-type=\"widget\" id=\"gestao-de-riscos\" data-widget_type=\"heading.default\">\n\t\t\t\t<div class=\"elementor-widget-container\">\n\t\t\t\t\t<h4 class=\"elementor-heading-title elementor-size-default\">Gest\u00e3o de Riscos<\/h4>\t\t\t\t<\/div>\n\t\t\t\t<\/div>\n\t\t\t\t<div class=\"elementor-element elementor-element-d554304 elementor-widget elementor-widget-text-editor\" data-id=\"d554304\" data-element_type=\"widget\" data-e-type=\"widget\" data-widget_type=\"text-editor.default\">\n\t\t\t\t<div class=\"elementor-widget-container\">\n\t\t\t\t\t\t\t\t\t<p><span class=\"OYPEnA text-decoration-none text-strikethrough-none\">As melhores pr\u00e1ticas de gest\u00e3o de riscos ajudam a administra\u00e7\u00e3o em sua tomada de decis\u00f5es e impulsionar\u00e1 ao alcance de objetivos estrat\u00e9gicos. Trabalhamos com os gestores e equipes para aprimorar todos os aspectos dos neg\u00f3cios.<\/span><\/p><p><strong><span class=\"OYPEnA text-decoration-none text-strikethrough-none\">Como podemos ajudar?<\/span><\/strong><\/p><ul><li><span class=\"OYPEnA text-decoration-none text-strikethrough-none\">Diagn\u00f3stico, desenho e implementa\u00e7\u00e3o de estrat\u00e9gias e estruturas de gest\u00e3o de riscos corporativos;<\/span><\/li><li><span class=\"OYPEnA text-decoration-none text-strikethrough-none\">Avalia\u00e7\u00e3o e desenho do apetite ao risco, de forma que as decis\u00f5es estejam alinhadas ao n\u00edvel de risco que a empresa est\u00e1 disposta a assumir;<\/span><\/li><li><span class=\"OYPEnA text-decoration-none text-strikethrough-none\">Alinhamento da gest\u00e3o de riscos com a estrat\u00e9gia e a performance das empresas;<\/span><\/li><li><span class=\"OYPEnA text-decoration-none text-strikethrough-none\">Identifica\u00e7\u00e3o e formaliza\u00e7\u00e3o do perfil de riscos da empresa;<\/span><\/li><li><span class=\"OYPEnA text-decoration-none text-strikethrough-none\">Defini\u00e7\u00e3o da metodologia para resposta aos riscos identificados<\/span><\/li><\/ul>\t\t\t\t\t\t\t\t<\/div>\n\t\t\t\t<\/div>\n\t\t\t\t<div class=\"elementor-element elementor-element-b3071a6 elementor-widget elementor-widget-heading\" data-id=\"b3071a6\" data-element_type=\"widget\" data-e-type=\"widget\" id=\"auditoria-interna\" data-widget_type=\"heading.default\">\n\t\t\t\t<div class=\"elementor-widget-container\">\n\t\t\t\t\t<h4 class=\"elementor-heading-title elementor-size-default\">Auditoria Interna<\/h4>\t\t\t\t<\/div>\n\t\t\t\t<\/div>\n\t\t\t\t<div class=\"elementor-element elementor-element-50eef01 elementor-widget elementor-widget-text-editor\" data-id=\"50eef01\" data-element_type=\"widget\" data-e-type=\"widget\" data-widget_type=\"text-editor.default\">\n\t\t\t\t<div class=\"elementor-widget-container\">\n\t\t\t\t\t\t\t\t\t<p>A auditoria interna passou a ser mais valorizada e necess\u00e1ria pelo potencial das an\u00e1lises de dados e resultados que ela oferece. Atuamos com o compromisso de melhoria de desempenho da auditoria, avalia\u00e7\u00e3o de riscos, an\u00e1lise de controles e mapeamento de processos.<\/p><p><strong><span class=\"OYPEnA text-decoration-none text-strikethrough-none\">Como podemos ajudar?<\/span><\/strong><\/p><ul><li>Entendimento dos processos operacionais, com a avalia\u00e7\u00e3o do ambiente de controle e o uso das informa\u00e7\u00f5es;<\/li><li>Propomos uma estrat\u00e9gia nas etapas de auditoria interna, que contemplam desde a avalia\u00e7\u00e3o de riscos e defini\u00e7\u00e3o de escopo, at\u00e9 a execu\u00e7\u00e3o dos trabalhos, com a gera\u00e7\u00e3o de relat\u00f3rios;<\/li><li>Demonstramos, visivelmente, os desvios e controles atrav\u00e9s de indicadores de performance (KPIs) e indicadores de riscos (KRI);<\/li><li>Estruturamos pap\u00e9is e responsabilidades mais relevantes para o neg\u00f3cio e a alta administra\u00e7\u00e3o;<\/li><li>Assessoramos, na an\u00e1lise dos resultados, com monitoramento cont\u00ednuo.<\/li><\/ul>\t\t\t\t\t\t\t\t<\/div>\n\t\t\t\t<\/div>\n\t\t\t\t<div class=\"elementor-element elementor-element-0213ae6 elementor-widget elementor-widget-heading\" data-id=\"0213ae6\" data-element_type=\"widget\" data-e-type=\"widget\" id=\"lgpd\" data-widget_type=\"heading.default\">\n\t\t\t\t<div class=\"elementor-widget-container\">\n\t\t\t\t\t<h4 class=\"elementor-heading-title elementor-size-default\"><span class=\"OYPEnA text-decoration-none text-strikethrough-none\">Lei Geral de Prote\u00e7\u00e3o de Dados<\/span><\/h4>\t\t\t\t<\/div>\n\t\t\t\t<\/div>\n\t\t\t\t<div class=\"elementor-element elementor-element-f1dda93 elementor-widget elementor-widget-text-editor\" data-id=\"f1dda93\" data-element_type=\"widget\" data-e-type=\"widget\" data-widget_type=\"text-editor.default\">\n\t\t\t\t<div class=\"elementor-widget-container\">\n\t\t\t\t\t\t\t\t\t<p><span class=\"OYPEnA text-decoration-none text-strikethrough-none\">A LGPD, sancionada em 14\/08\/2018 e publicada no Di\u00e1rio Oficial em 15\/08\/2018, coloca o Brasil no grupo de pa\u00edses que t\u00eam uma Lei Geral de Prote\u00e7\u00e3o de Dados Pessoais. Podemos apoiar Controladores e Operadores de dados pessoais a adequar seus processos para estarem em conformidade com a nova regulamenta\u00e7\u00e3o.<\/span><\/p><p><span class=\"OYPEnA text-decoration-none text-strikethrough-none\">A n\u00e3o adequa\u00e7\u00e3o \u00e0 lei pode acarretar um regime de cumprimento rigoroso, com penalidades que se iniciam com simples advert\u00eancias, bloqueio de dados e podem chegar ao limite de at\u00e9 2% da receita anual da empresa, at\u00e9 o teto de R$50 milh\u00f5es por evento de infra\u00e7\u00e3o.<\/span><\/p><p><span class=\"OYPEnA text-decoration-none text-strikethrough-none\">Implementar a conformidade LGPD faz parte de um Programa de Governan\u00e7a, que contempla desenvolver a cultura de privacidade e gest\u00e3o de incidentes.<\/span><\/p><p><strong><span class=\"OYPEnA text-decoration-none text-strikethrough-none\">Como podemos ajudar?<\/span><\/strong><\/p><ul><li><span class=\"OYPEnA text-decoration-none text-strikethrough-none\">Revis\u00e3o de Pol\u00edticas e contratos da Empresa, em adequa\u00e7\u00e3o \u00e0 LGPD;<\/span><\/li><li><span class=\"OYPEnA text-decoration-none text-strikethrough-none\">Mapeamento dos dados pessoais, ciclo de vida da informa\u00e7\u00e3o, finalidades de uso e tempo de salvaguarda. O objetivo dessa etapa \u00e9 identificar os riscos de privacidade no ciclo de vida das informa\u00e7\u00f5es;<\/span><\/li><li><span class=\"OYPEnA text-decoration-none text-strikethrough-none\">Desenvolvimento de Programa de Conformidade LGPD para implementar melhorias ao projeto, atrav\u00e9s de atividades de remedia\u00e7\u00e3o;<\/span><\/li><li><span class=\"OYPEnA text-decoration-none text-strikethrough-none\">Monitoramento cont\u00ednuo, com o direto apoio do encarregado de prote\u00e7\u00e3o de dados e demais \u00e1reas respons\u00e1veis, para garantir que os riscos sejam tempestivamente identificados e tratados.<\/span><\/li><\/ul>\t\t\t\t\t\t\t\t<\/div>\n\t\t\t\t<\/div>\n\t\t\t\t\t<\/div>\n\t\t<\/div>\n\t\t\t\t\t<\/div>\n\t\t<\/section>\n\t\t\t\t<\/div>\n\t\t","protected":false},"excerpt":{"rendered":"<p>A boa governan\u00e7a incentiva a transpar\u00eancia, prote\u00e7\u00e3o e fortalecimento do neg\u00f3cio. Podemos apoi\u00e1-lo a implementar um Programa de Governan\u00e7a e Compliance para garantir que a sua empresa esteja em conformidade com as leis e regulamenta\u00e7\u00f5es vigentes. Compliance Em um ambiente cada vez mais regulado, a exig\u00eancia por transpar\u00eancia faz com que as empresas tenham que [&hellip;]<\/p>\n","protected":false},"author":1,"featured_media":999,"parent":0,"menu_order":0,"comment_status":"closed","ping_status":"closed","template":"","meta":{"footnotes":""},"class_list":["post-998","page","type-page","status-publish","has-post-thumbnail","hentry"],"_links":{"self":[{"href":"https:\/\/audicont.com.br\/index.php?rest_route=\/wp\/v2\/pages\/998","targetHints":{"allow":["GET"]}}],"collection":[{"href":"https:\/\/audicont.com.br\/index.php?rest_route=\/wp\/v2\/pages"}],"about":[{"href":"https:\/\/audicont.com.br\/index.php?rest_route=\/wp\/v2\/types\/page"}],"author":[{"embeddable":true,"href":"https:\/\/audicont.com.br\/index.php?rest_route=\/wp\/v2\/users\/1"}],"replies":[{"embeddable":true,"href":"https:\/\/audicont.com.br\/index.php?rest_route=%2Fwp%2Fv2%2Fcomments&post=998"}],"version-history":[{"count":100,"href":"https:\/\/audicont.com.br\/index.php?rest_route=\/wp\/v2\/pages\/998\/revisions"}],"predecessor-version":[{"id":2245,"href":"https:\/\/audicont.com.br\/index.php?rest_route=\/wp\/v2\/pages\/998\/revisions\/2245"}],"wp:featuredmedia":[{"embeddable":true,"href":"https:\/\/audicont.com.br\/index.php?rest_route=\/wp\/v2\/media\/999"}],"wp:attachment":[{"href":"https:\/\/audicont.com.br\/index.php?rest_route=%2Fwp%2Fv2%2Fmedia&parent=998"}],"curies":[{"name":"wp","href":"https:\/\/api.w.org\/{rel}","templated":true}]}}