{"id":936,"date":"2023-08-06T17:06:25","date_gmt":"2023-08-06T20:06:25","guid":{"rendered":"https:\/\/audicont.com.br\/?page_id=936"},"modified":"2023-09-03T23:14:39","modified_gmt":"2023-09-04T02:14:39","slug":"planejamento-tributario","status":"publish","type":"page","link":"https:\/\/audicont.com.br\/?page_id=936","title":{"rendered":"Planejamento Tribut\u00e1rio"},"content":{"rendered":"\t\t<div data-elementor-type=\"wp-page\" data-elementor-id=\"936\" class=\"elementor elementor-936\" data-elementor-post-type=\"page\">\n\t\t\t\t\t\t<section class=\"elementor-section elementor-top-section elementor-element elementor-element-52a83d1a elementor-section-height-min-height elementor-section-items-stretch elementor-section-content-middle elementor-section-boxed elementor-section-height-default\" data-id=\"52a83d1a\" data-element_type=\"section\" data-e-type=\"section\" data-settings=\"{&quot;background_background&quot;:&quot;classic&quot;}\">\n\t\t\t\t\t\t\t<div class=\"elementor-background-overlay\"><\/div>\n\t\t\t\t\t\t\t<div class=\"elementor-container elementor-column-gap-default\">\n\t\t\t\t\t<div class=\"elementor-column elementor-col-100 elementor-top-column elementor-element elementor-element-55c6ef8e\" data-id=\"55c6ef8e\" data-element_type=\"column\" data-e-type=\"column\">\n\t\t\t<div class=\"elementor-widget-wrap elementor-element-populated\">\n\t\t\t\t\t\t<section class=\"elementor-section elementor-inner-section elementor-element elementor-element-573638e6 elementor-section-boxed elementor-section-height-default elementor-section-height-default\" data-id=\"573638e6\" data-element_type=\"section\" data-e-type=\"section\">\n\t\t\t\t\t\t<div class=\"elementor-container elementor-column-gap-default\">\n\t\t\t\t\t<div class=\"elementor-column elementor-col-50 elementor-inner-column elementor-element elementor-element-54715791\" data-id=\"54715791\" data-element_type=\"column\" data-e-type=\"column\">\n\t\t\t<div class=\"elementor-widget-wrap elementor-element-populated\">\n\t\t\t\t\t\t\t<\/div>\n\t\t<\/div>\n\t\t\t\t<div class=\"elementor-column elementor-col-50 elementor-inner-column elementor-element elementor-element-7d070bbb\" data-id=\"7d070bbb\" data-element_type=\"column\" data-e-type=\"column\">\n\t\t\t<div class=\"elementor-widget-wrap\">\n\t\t\t\t\t\t\t<\/div>\n\t\t<\/div>\n\t\t\t\t\t<\/div>\n\t\t<\/section>\n\t\t\t\t\t<\/div>\n\t\t<\/div>\n\t\t\t\t\t<\/div>\n\t\t<\/section>\n\t\t\t\t<section class=\"elementor-section elementor-top-section elementor-element elementor-element-216505c6 elementor-reverse-tablet elementor-reverse-mobile elementor-section-boxed elementor-section-height-default elementor-section-height-default\" data-id=\"216505c6\" data-element_type=\"section\" data-e-type=\"section\">\n\t\t\t\t\t\t<div class=\"elementor-container elementor-column-gap-default\">\n\t\t\t\t\t<div class=\"elementor-column elementor-col-50 elementor-top-column elementor-element elementor-element-1e1604f5\" data-id=\"1e1604f5\" data-element_type=\"column\" data-e-type=\"column\">\n\t\t\t<div class=\"elementor-widget-wrap elementor-element-populated\">\n\t\t\t\t\t\t<section class=\"elementor-section elementor-inner-section elementor-element elementor-element-668ac882 elementor-section-boxed elementor-section-height-default elementor-section-height-default\" data-id=\"668ac882\" data-element_type=\"section\" data-e-type=\"section\">\n\t\t\t\t\t\t<div class=\"elementor-container elementor-column-gap-default\">\n\t\t\t\t\t<div class=\"elementor-column elementor-col-100 elementor-inner-column elementor-element elementor-element-8f6dcc7\" data-id=\"8f6dcc7\" data-element_type=\"column\" data-e-type=\"column\">\n\t\t\t<div class=\"elementor-widget-wrap elementor-element-populated\">\n\t\t\t\t\t\t<div class=\"elementor-element elementor-element-2c90e4c8 elementor-widget-divider--view-line elementor-widget elementor-widget-divider\" data-id=\"2c90e4c8\" data-element_type=\"widget\" data-e-type=\"widget\" data-widget_type=\"divider.default\">\n\t\t\t\t<div class=\"elementor-widget-container\">\n\t\t\t\t\t\t\t<div class=\"elementor-divider\">\n\t\t\t<span class=\"elementor-divider-separator\">\n\t\t\t\t\t\t<\/span>\n\t\t<\/div>\n\t\t\t\t\t\t<\/div>\n\t\t\t\t<\/div>\n\t\t\t\t\t<\/div>\n\t\t<\/div>\n\t\t\t\t\t<\/div>\n\t\t<\/section>\n\t\t\t\t<div class=\"elementor-element elementor-element-5bd2f271 elementor-nav-menu__align-start elementor-nav-menu--dropdown-tablet elementor-nav-menu__text-align-aside elementor-nav-menu--toggle elementor-nav-menu--burger elementor-widget elementor-widget-nav-menu\" data-id=\"5bd2f271\" data-element_type=\"widget\" data-e-type=\"widget\" data-settings=\"{&quot;layout&quot;:&quot;vertical&quot;,&quot;submenu_icon&quot;:{&quot;value&quot;:&quot;&lt;i class=\\&quot;fas fa-caret-down\\&quot; aria-hidden=\\&quot;true\\&quot;&gt;&lt;\\\/i&gt;&quot;,&quot;library&quot;:&quot;fa-solid&quot;},&quot;toggle&quot;:&quot;burger&quot;}\" data-widget_type=\"nav-menu.default\">\n\t\t\t\t<div class=\"elementor-widget-container\">\n\t\t\t\t\t\t\t\t<nav aria-label=\"Menu\" class=\"elementor-nav-menu--main elementor-nav-menu__container elementor-nav-menu--layout-vertical e--pointer-none\">\n\t\t\t\t<ul id=\"menu-1-5bd2f271\" class=\"elementor-nav-menu sm-vertical\"><li class=\"menu-item menu-item-type-custom menu-item-object-custom menu-item-986\"><a href=\"https:\/\/audicont.com.br\/planejamento-tributario\/#pareceres-tributarios\" class=\"elementor-item elementor-item-anchor\">Emiss\u00e3o de Pareceres Tribut\u00e1rios\u200b<\/a><\/li>\n<li class=\"menu-item menu-item-type-custom menu-item-object-custom menu-item-987\"><a href=\"https:\/\/audicont.com.br\/planejamento-tributario\/#creditos-tributarios\" class=\"elementor-item elementor-item-anchor\">Levantamento e Valida\u00e7\u00e3o de Cr\u00e9ditos Tribut\u00e1rios\u200b<\/a><\/li>\n<li class=\"menu-item menu-item-type-custom menu-item-object-custom menu-item-988\"><a href=\"https:\/\/audicont.com.br\/planejamento-tributario\/#autoridades-fiscais\" class=\"elementor-item elementor-item-anchor\">Assessoria para Atendimento \u00e0s Autoridades Fiscais<\/a><\/li>\n<li class=\"menu-item menu-item-type-custom menu-item-object-custom menu-item-989\"><a href=\"https:\/\/audicont.com.br\/planejamento-tributario\/#defesas-fiscais\" class=\"elementor-item elementor-item-anchor\">Elabora\u00e7\u00e3o de Defesas Fiscais<\/a><\/li>\n<\/ul>\t\t\t<\/nav>\n\t\t\t\t\t<div class=\"elementor-menu-toggle\" role=\"button\" tabindex=\"0\" aria-label=\"Menu Toggle\" aria-expanded=\"false\">\n\t\t\t<i aria-hidden=\"true\" role=\"presentation\" class=\"elementor-menu-toggle__icon--open eicon-menu-bar\"><\/i><i aria-hidden=\"true\" role=\"presentation\" class=\"elementor-menu-toggle__icon--close eicon-close\"><\/i>\t\t<\/div>\n\t\t\t\t\t<nav class=\"elementor-nav-menu--dropdown elementor-nav-menu__container\" aria-hidden=\"true\">\n\t\t\t\t<ul id=\"menu-2-5bd2f271\" class=\"elementor-nav-menu sm-vertical\"><li class=\"menu-item menu-item-type-custom menu-item-object-custom menu-item-986\"><a href=\"https:\/\/audicont.com.br\/planejamento-tributario\/#pareceres-tributarios\" class=\"elementor-item elementor-item-anchor\" tabindex=\"-1\">Emiss\u00e3o de Pareceres Tribut\u00e1rios\u200b<\/a><\/li>\n<li class=\"menu-item menu-item-type-custom menu-item-object-custom menu-item-987\"><a href=\"https:\/\/audicont.com.br\/planejamento-tributario\/#creditos-tributarios\" class=\"elementor-item elementor-item-anchor\" tabindex=\"-1\">Levantamento e Valida\u00e7\u00e3o de Cr\u00e9ditos Tribut\u00e1rios\u200b<\/a><\/li>\n<li class=\"menu-item menu-item-type-custom menu-item-object-custom menu-item-988\"><a href=\"https:\/\/audicont.com.br\/planejamento-tributario\/#autoridades-fiscais\" class=\"elementor-item elementor-item-anchor\" tabindex=\"-1\">Assessoria para Atendimento \u00e0s Autoridades Fiscais<\/a><\/li>\n<li class=\"menu-item menu-item-type-custom menu-item-object-custom menu-item-989\"><a href=\"https:\/\/audicont.com.br\/planejamento-tributario\/#defesas-fiscais\" class=\"elementor-item elementor-item-anchor\" tabindex=\"-1\">Elabora\u00e7\u00e3o de Defesas Fiscais<\/a><\/li>\n<\/ul>\t\t\t<\/nav>\n\t\t\t\t\t\t<\/div>\n\t\t\t\t<\/div>\n\t\t\t\t\t<\/div>\n\t\t<\/div>\n\t\t\t\t<div class=\"elementor-column elementor-col-50 elementor-top-column elementor-element elementor-element-67e96342\" data-id=\"67e96342\" data-element_type=\"column\" data-e-type=\"column\">\n\t\t\t<div class=\"elementor-widget-wrap elementor-element-populated\">\n\t\t\t\t\t\t<div class=\"elementor-element elementor-element-1f8563b elementor-widget elementor-widget-image\" data-id=\"1f8563b\" data-element_type=\"widget\" data-e-type=\"widget\" id=\"pareceres-tributarios\" data-widget_type=\"image.default\">\n\t\t\t\t<div class=\"elementor-widget-container\">\n\t\t\t\t\t\t\t\t\t\t\t\t\t\t\t<img fetchpriority=\"high\" decoding=\"async\" width=\"2000\" height=\"1055\" src=\"https:\/\/audicont.com.br\/wp-content\/uploads\/2023\/08\/asia-real-estate-sale-agent-stock-market-trader-woman-work-at-bank-office-talk-in-tax-plan-report-.jpg\" class=\"attachment-full size-full wp-image-1111\" alt=\"Asia real estate sale agent, stock market trader woman work at bank office talk in tax plan report.\" srcset=\"https:\/\/audicont.com.br\/wp-content\/uploads\/2023\/08\/asia-real-estate-sale-agent-stock-market-trader-woman-work-at-bank-office-talk-in-tax-plan-report-.jpg 2000w, https:\/\/audicont.com.br\/wp-content\/uploads\/2023\/08\/asia-real-estate-sale-agent-stock-market-trader-woman-work-at-bank-office-talk-in-tax-plan-report--300x158.jpg 300w, https:\/\/audicont.com.br\/wp-content\/uploads\/2023\/08\/asia-real-estate-sale-agent-stock-market-trader-woman-work-at-bank-office-talk-in-tax-plan-report--1024x540.jpg 1024w, https:\/\/audicont.com.br\/wp-content\/uploads\/2023\/08\/asia-real-estate-sale-agent-stock-market-trader-woman-work-at-bank-office-talk-in-tax-plan-report--768x405.jpg 768w, https:\/\/audicont.com.br\/wp-content\/uploads\/2023\/08\/asia-real-estate-sale-agent-stock-market-trader-woman-work-at-bank-office-talk-in-tax-plan-report--1536x810.jpg 1536w\" sizes=\"(max-width: 2000px) 100vw, 2000px\" \/>\t\t\t\t\t\t\t\t\t\t\t\t\t\t\t<\/div>\n\t\t\t\t<\/div>\n\t\t\t\t<div class=\"elementor-element elementor-element-279daf7e elementor-widget elementor-widget-heading\" data-id=\"279daf7e\" data-element_type=\"widget\" data-e-type=\"widget\" data-widget_type=\"heading.default\">\n\t\t\t\t<div class=\"elementor-widget-container\">\n\t\t\t\t\t<h5 class=\"elementor-heading-title elementor-size-default\">Emiss\u00e3o de Pareceres Tribut\u00e1rios<\/h5>\t\t\t\t<\/div>\n\t\t\t\t<\/div>\n\t\t\t\t<div class=\"elementor-element elementor-element-409c9aa elementor-widget elementor-widget-text-editor\" data-id=\"409c9aa\" data-element_type=\"widget\" data-e-type=\"widget\" id=\"creditos-tributarios\" data-widget_type=\"text-editor.default\">\n\t\t\t\t<div class=\"elementor-widget-container\">\n\t\t\t\t\t\t\t\t\t<p>Diante da elevada carga tribut\u00e1ria e complexidade da legisla\u00e7\u00e3o fiscal, o servi\u00e7o de emiss\u00e3o de pareceres tribut\u00e1rios \u00e9 uma ferramenta valiosa para as empresas.<\/p><p>Na Audicont, este trabalho tem como premissa assessorar as organiza\u00e7\u00f5es a compreender as implica\u00e7\u00f5es fiscais de diversas estrat\u00e9gias de neg\u00f3cios, permitindo uma tomada de decis\u00e3o mais acertada, uma vez que a emiss\u00e3o de um parecer tribut\u00e1rio bem fundamentado pode proporcionar uma prote\u00e7\u00e3o valiosa contra penalidades fiscais.<\/p>\t\t\t\t\t\t\t\t<\/div>\n\t\t\t\t<\/div>\n\t\t\t\t<div class=\"elementor-element elementor-element-6cf8706c elementor-widget elementor-widget-heading\" data-id=\"6cf8706c\" data-element_type=\"widget\" data-e-type=\"widget\" data-widget_type=\"heading.default\">\n\t\t\t\t<div class=\"elementor-widget-container\">\n\t\t\t\t\t<h5 class=\"elementor-heading-title elementor-size-default\">Levantamento e Valida\u00e7\u00e3o de Cr\u00e9ditos Tribut\u00e1rios<\/h5>\t\t\t\t<\/div>\n\t\t\t\t<\/div>\n\t\t\t\t<div class=\"elementor-element elementor-element-655ccf3d elementor-widget elementor-widget-text-editor\" data-id=\"655ccf3d\" data-element_type=\"widget\" data-e-type=\"widget\" id=\"autoridades-fiscais\" data-widget_type=\"text-editor.default\">\n\t\t\t\t<div class=\"elementor-widget-container\">\n\t\t\t\t\t\t\t\t\t<p>Neste servi\u00e7o, atuamos para identificar poss\u00edveis cr\u00e9ditos tribut\u00e1rios que uma empresa pode reivindicar, como tributos pagos a maior ou redu\u00e7\u00f5es e cr\u00e9ditos n\u00e3o utilizados.<\/p>\t\t\t\t\t\t\t\t<\/div>\n\t\t\t\t<\/div>\n\t\t\t\t<div class=\"elementor-element elementor-element-7e7e5f17 elementor-widget elementor-widget-heading\" data-id=\"7e7e5f17\" data-element_type=\"widget\" data-e-type=\"widget\" data-widget_type=\"heading.default\">\n\t\t\t\t<div class=\"elementor-widget-container\">\n\t\t\t\t\t<h5 class=\"elementor-heading-title elementor-size-default\">Assessoria para Atendimento \u00e0s Autoridades Fiscais<\/h5>\t\t\t\t<\/div>\n\t\t\t\t<\/div>\n\t\t\t\t<div class=\"elementor-element elementor-element-1b96e03 elementor-widget elementor-widget-text-editor\" data-id=\"1b96e03\" data-element_type=\"widget\" data-e-type=\"widget\" id=\"defesas-fiscais\" data-widget_type=\"text-editor.default\">\n\t\t\t\t<div class=\"elementor-widget-container\">\n\t\t\t\t\t\t\t\t\t<p>Possui o objetivo de interagir de maneira eficaz com as autoridades fiscais. Isso pode incluir a prepara\u00e7\u00e3o de respostas \u00e0s notifica\u00e7\u00f5es e solicita\u00e7\u00f5es de informa\u00e7\u00e3o e a representa\u00e7\u00e3o da empresa em discuss\u00f5es ou negocia\u00e7\u00f5es com as autoridades fiscais.<\/p>\t\t\t\t\t\t\t\t<\/div>\n\t\t\t\t<\/div>\n\t\t\t\t<div class=\"elementor-element elementor-element-47f7404d elementor-widget elementor-widget-heading\" data-id=\"47f7404d\" data-element_type=\"widget\" data-e-type=\"widget\" data-widget_type=\"heading.default\">\n\t\t\t\t<div class=\"elementor-widget-container\">\n\t\t\t\t\t<h5 class=\"elementor-heading-title elementor-size-default\">Elabora\u00e7\u00e3o de Defesas Fiscais<\/h5>\t\t\t\t<\/div>\n\t\t\t\t<\/div>\n\t\t\t\t<div class=\"elementor-element elementor-element-65633151 elementor-widget elementor-widget-text-editor\" data-id=\"65633151\" data-element_type=\"widget\" data-e-type=\"widget\" data-widget_type=\"text-editor.default\">\n\t\t\t\t<div class=\"elementor-widget-container\">\n\t\t\t\t\t\t\t\t\t<p>Revis\u00e3o de documenta\u00e7\u00e3o fiscal, pesquisa de leis e precedentes fiscais relevantes para a elabora\u00e7\u00e3o de argumentos legais, que fa\u00e7am sentido quando for necess\u00e1rio.\u00a0<\/p>\t\t\t\t\t\t\t\t<\/div>\n\t\t\t\t<\/div>\n\t\t\t\t\t<\/div>\n\t\t<\/div>\n\t\t\t\t\t<\/div>\n\t\t<\/section>\n\t\t\t\t<\/div>\n\t\t","protected":false},"excerpt":{"rendered":"<p>Emiss\u00e3o de Pareceres Tribut\u00e1rios Diante da elevada carga tribut\u00e1ria e complexidade da legisla\u00e7\u00e3o fiscal, o servi\u00e7o de emiss\u00e3o de pareceres tribut\u00e1rios \u00e9 uma ferramenta valiosa para as empresas. Na Audicont, este trabalho tem como premissa assessorar as organiza\u00e7\u00f5es a compreender as implica\u00e7\u00f5es fiscais de diversas estrat\u00e9gias de neg\u00f3cios, permitindo uma tomada de decis\u00e3o mais acertada, [&hellip;]<\/p>\n","protected":false},"author":1,"featured_media":1111,"parent":0,"menu_order":0,"comment_status":"closed","ping_status":"closed","template":"","meta":{"footnotes":""},"class_list":["post-936","page","type-page","status-publish","has-post-thumbnail","hentry"],"_links":{"self":[{"href":"https:\/\/audicont.com.br\/index.php?rest_route=\/wp\/v2\/pages\/936","targetHints":{"allow":["GET"]}}],"collection":[{"href":"https:\/\/audicont.com.br\/index.php?rest_route=\/wp\/v2\/pages"}],"about":[{"href":"https:\/\/audicont.com.br\/index.php?rest_route=\/wp\/v2\/types\/page"}],"author":[{"embeddable":true,"href":"https:\/\/audicont.com.br\/index.php?rest_route=\/wp\/v2\/users\/1"}],"replies":[{"embeddable":true,"href":"https:\/\/audicont.com.br\/index.php?rest_route=%2Fwp%2Fv2%2Fcomments&post=936"}],"version-history":[{"count":20,"href":"https:\/\/audicont.com.br\/index.php?rest_route=\/wp\/v2\/pages\/936\/revisions"}],"predecessor-version":[{"id":2055,"href":"https:\/\/audicont.com.br\/index.php?rest_route=\/wp\/v2\/pages\/936\/revisions\/2055"}],"wp:featuredmedia":[{"embeddable":true,"href":"https:\/\/audicont.com.br\/index.php?rest_route=\/wp\/v2\/media\/1111"}],"wp:attachment":[{"href":"https:\/\/audicont.com.br\/index.php?rest_route=%2Fwp%2Fv2%2Fmedia&parent=936"}],"curies":[{"name":"wp","href":"https:\/\/api.w.org\/{rel}","templated":true}]}}