{"id":1074,"date":"2023-08-06T17:52:05","date_gmt":"2023-08-06T20:52:05","guid":{"rendered":"https:\/\/audicont.com.br\/?page_id=1074"},"modified":"2023-09-15T16:58:52","modified_gmt":"2023-09-15T19:58:52","slug":"outros-servicos","status":"publish","type":"page","link":"https:\/\/audicont.com.br\/?page_id=1074","title":{"rendered":"Outros Servi\u00e7os"},"content":{"rendered":"\t\t<div data-elementor-type=\"wp-page\" data-elementor-id=\"1074\" class=\"elementor elementor-1074\" data-elementor-post-type=\"page\">\n\t\t\t\t\t\t<section class=\"elementor-section elementor-top-section elementor-element elementor-element-31a3a32 elementor-section-height-min-height elementor-section-items-stretch elementor-section-content-middle elementor-section-boxed elementor-section-height-default\" data-id=\"31a3a32\" data-element_type=\"section\" data-e-type=\"section\" data-settings=\"{&quot;background_background&quot;:&quot;classic&quot;}\">\n\t\t\t\t\t\t\t<div class=\"elementor-background-overlay\"><\/div>\n\t\t\t\t\t\t\t<div class=\"elementor-container elementor-column-gap-default\">\n\t\t\t\t\t<div class=\"elementor-column elementor-col-100 elementor-top-column elementor-element elementor-element-00be6b9\" data-id=\"00be6b9\" data-element_type=\"column\" data-e-type=\"column\">\n\t\t\t<div class=\"elementor-widget-wrap elementor-element-populated\">\n\t\t\t\t\t\t<section class=\"elementor-section elementor-inner-section elementor-element elementor-element-9256f74 elementor-section-boxed elementor-section-height-default elementor-section-height-default\" data-id=\"9256f74\" data-element_type=\"section\" data-e-type=\"section\">\n\t\t\t\t\t\t<div class=\"elementor-container elementor-column-gap-default\">\n\t\t\t\t\t<div class=\"elementor-column elementor-col-50 elementor-inner-column elementor-element elementor-element-7fa5f3d\" data-id=\"7fa5f3d\" data-element_type=\"column\" data-e-type=\"column\">\n\t\t\t<div class=\"elementor-widget-wrap elementor-element-populated\">\n\t\t\t\t\t\t\t<\/div>\n\t\t<\/div>\n\t\t\t\t<div class=\"elementor-column elementor-col-50 elementor-inner-column elementor-element elementor-element-3c3648e\" data-id=\"3c3648e\" data-element_type=\"column\" data-e-type=\"column\">\n\t\t\t<div class=\"elementor-widget-wrap\">\n\t\t\t\t\t\t\t<\/div>\n\t\t<\/div>\n\t\t\t\t\t<\/div>\n\t\t<\/section>\n\t\t\t\t\t<\/div>\n\t\t<\/div>\n\t\t\t\t\t<\/div>\n\t\t<\/section>\n\t\t\t\t<section class=\"elementor-section elementor-top-section elementor-element elementor-element-218f52b0 elementor-section-boxed elementor-section-height-default elementor-section-height-default\" data-id=\"218f52b0\" data-element_type=\"section\" data-e-type=\"section\">\n\t\t\t\t\t\t<div class=\"elementor-container elementor-column-gap-default\">\n\t\t\t\t\t<div class=\"elementor-column elementor-col-100 elementor-top-column elementor-element elementor-element-46b83403\" data-id=\"46b83403\" data-element_type=\"column\" data-e-type=\"column\">\n\t\t\t<div class=\"elementor-widget-wrap elementor-element-populated\">\n\t\t\t\t\t\t<div class=\"elementor-element elementor-element-2471da2e elementor-widget elementor-widget-text-editor\" data-id=\"2471da2e\" data-element_type=\"widget\" data-e-type=\"widget\" data-widget_type=\"text-editor.default\">\n\t\t\t\t<div class=\"elementor-widget-container\">\n\t\t\t\t\t\t\t\t\t<p><style>\/*! elementor - v3.15.0 - 02-08-2023 *\/<br \/>.elementor-widget-divider{--divider-border-style:none;--divider-border-width:1px;--divider-color:#0c0d0e;--divider-icon-size:20px;--divider-element-spacing:10px;--divider-pattern-height:24px;--divider-pattern-size:20px;--divider-pattern-url:none;--divider-pattern-repeat:repeat-x}.elementor-widget-divider .elementor-divider{display:flex}.elementor-widget-divider .elementor-divider__text{font-size:15px;line-height:1;max-width:95%}.elementor-widget-divider .elementor-divider__element{margin:0 var(--divider-element-spacing);flex-shrink:0}.elementor-widget-divider .elementor-icon{font-size:var(--divider-icon-size)}.elementor-widget-divider .elementor-divider-separator{display:flex;margin:0;direction:ltr}.elementor-widget-divider--view-line_icon .elementor-divider-separator,.elementor-widget-divider--view-line_text .elementor-divider-separator{align-items:center}.elementor-widget-divider--view-line_icon .elementor-divider-separator:after,.elementor-widget-divider--view-line_icon .elementor-divider-separator:before,.elementor-widget-divider--view-line_text .elementor-divider-separator:after,.elementor-widget-divider--view-line_text .elementor-divider-separator:before{display:block;content:\"\";border-bottom:0;flex-grow:1;border-top:var(--divider-border-width) var(--divider-border-style) var(--divider-color)}.elementor-widget-divider--element-align-left .elementor-divider .elementor-divider-separator>.elementor-divider__svg:first-of-type{flex-grow:0;flex-shrink:100}.elementor-widget-divider--element-align-left .elementor-divider-separator:before{content:none}.elementor-widget-divider--element-align-left .elementor-divider__element{margin-left:0}.elementor-widget-divider--element-align-right .elementor-divider .elementor-divider-separator>.elementor-divider__svg:last-of-type{flex-grow:0;flex-shrink:100}.elementor-widget-divider--element-align-right .elementor-divider-separator:after{content:none}.elementor-widget-divider--element-align-right .elementor-divider__element{margin-right:0}.elementor-widget-divider:not(.elementor-widget-divider--view-line_text):not(.elementor-widget-divider--view-line_icon) .elementor-divider-separator{border-top:var(--divider-border-width) var(--divider-border-style) var(--divider-color)}.elementor-widget-divider--separator-type-pattern{--divider-border-style:none}.elementor-widget-divider--separator-type-pattern.elementor-widget-divider--view-line .elementor-divider-separator,.elementor-widget-divider--separator-type-pattern:not(.elementor-widget-divider--view-line) .elementor-divider-separator:after,.elementor-widget-divider--separator-type-pattern:not(.elementor-widget-divider--view-line) .elementor-divider-separator:before,.elementor-widget-divider--separator-type-pattern:not([class*=elementor-widget-divider--view]) .elementor-divider-separator{width:100%;min-height:var(--divider-pattern-height);-webkit-mask-size:var(--divider-pattern-size) 100%;mask-size:var(--divider-pattern-size) 100%;-webkit-mask-repeat:var(--divider-pattern-repeat);mask-repeat:var(--divider-pattern-repeat);background-color:var(--divider-color);-webkit-mask-image:var(--divider-pattern-url);mask-image:var(--divider-pattern-url)}.elementor-widget-divider--no-spacing{--divider-pattern-size:auto}.elementor-widget-divider--bg-round{--divider-pattern-repeat:round}.rtl .elementor-widget-divider .elementor-divider__text{direction:rtl}.e-con-inner>.elementor-widget-divider,.e-con>.elementor-widget-divider{width:var(--container-widget-width,100%);--flex-grow:var(--container-widget-flex-grow)}<\/style>\n<style>\/*! elementor - v3.15.0 - 02-08-2023 *\/<br \/>.elementor-heading-title{padding:0;margin:0;line-height:1}.elementor-widget-heading .elementor-heading-title[class*=elementor-size-]>a{color:inherit;font-size:inherit;line-height:inherit}.elementor-widget-heading .elementor-heading-title.elementor-size-small{font-size:15px}.elementor-widget-heading .elementor-heading-title.elementor-size-medium{font-size:19px}.elementor-widget-heading .elementor-heading-title.elementor-size-large{font-size:29px}.elementor-widget-heading .elementor-heading-title.elementor-size-xl{font-size:39px}.elementor-widget-heading .elementor-heading-title.elementor-size-xxl{font-size:59px}<\/style>\n<\/p>\n<h4>Outsourcing \u2013 Foque no seu Core Business<\/h4>\n<p>Atrav\u00e9s de uma colabora\u00e7\u00e3o eficiente, utilizando metodologias efetivas e contando com profissionais altamente capacitados, a Audicont tem a expertise de estruturar \u2013 ou reestruturar \u2013 as \u00e1reas tribut\u00e1ria, financeira e cont\u00e1bil da sua organiza\u00e7\u00e3o, estabelecer ou simplificar processos e padr\u00f5es com excel\u00eancia, confiabilidade e dedica\u00e7\u00e3o.&nbsp;<span style=\"color: var( --e-global-color-text ); font-family: var( --e-global-typography-text-font-family ), Sans-serif; font-size: var( --e-global-typography-text-font-size ); font-weight: var( --e-global-typography-text-font-weight );\">A ado\u00e7\u00e3o do outsourcing permitir que sua empresa foque exclusivamente em impulsionar os neg\u00f3cios e aproveitar as oportunidades existentes.<\/span><\/p>\n<h4>&nbsp;<\/h4>\n<h4>Procedimento Previamente Acordados &#8211; PPA<\/h4>\n<p>Se a organiza\u00e7\u00e3o necessita de uma an\u00e1lise imparcial e altamente confi\u00e1vel sobre \u00e1reas ou opera\u00e7\u00f5es espec\u00edficas, a Audicont disponibiliza de expertise em auditoria para assessorar a sua empresa.&nbsp;<span style=\"color: var( --e-global-color-text ); font-family: var( --e-global-typography-text-font-family ), Sans-serif; font-size: var( --e-global-typography-text-font-size ); font-weight: var( --e-global-typography-text-font-weight );\">Com alta credibilidade e alinhada aos conceitos e necessidades da organiza\u00e7\u00e3o, a conduzimos a coleta e a organiza\u00e7\u00e3o dos dados, que s\u00e3o consolidados em um relat\u00f3rio gerencial detalhado.&nbsp;<\/span><span style=\"color: var( --e-global-color-text ); font-family: var( --e-global-typography-text-font-family ), Sans-serif; font-size: var( --e-global-typography-text-font-size ); font-weight: var( --e-global-typography-text-font-weight );\">Assim, \u00e9 poss\u00edvel chegar a conclus\u00f5es com assertividade e direcionar seus esfor\u00e7os de forma mais eficaz e de acordo com as normas e regula\u00e7\u00f5es.<\/span><\/p>\n<h4>&nbsp;<\/h4>\n<h4>Treinamentos T\u00e9cnicos<\/h4>\n<p>O desenvolvimento de habilidades \u00e9 fundamental para o sucesso de qualquer empresa, pois colaboradores capacitados e continuamente atualizados s\u00e3o mais aptos a enfrentar os desafios e incertezas do ambiente de neg\u00f3cios. Al\u00e9m disso, investir em seu desenvolvimento profissional contribui para a reten\u00e7\u00e3o de talentos, a melhoria da produtividade e a constru\u00e7\u00e3o de uma cultura organizacional s\u00f3lida e inovadora.&nbsp;<span style=\"color: var( --e-global-color-text ); font-family: var( --e-global-typography-text-font-family ), Sans-serif; font-size: var( --e-global-typography-text-font-size ); font-weight: var( --e-global-typography-text-font-weight );\">Por meio da assessoria da Audicont, a empresa contar\u00e1 com uma equipe de especialistas dedicados e comprometidos em entregar treinamentos e capacita\u00e7\u00f5es de qualidade, alinhados com as tend\u00eancias e pr\u00e1ticas mais atualizadas do mercado.<\/span><\/p>\t\t\t\t\t\t\t\t<\/div>\n\t\t\t\t<\/div>\n\t\t\t\t\t<\/div>\n\t\t<\/div>\n\t\t\t\t\t<\/div>\n\t\t<\/section>\n\t\t\t\t<\/div>\n\t\t","protected":false},"excerpt":{"rendered":"<p>Outsourcing \u2013 Foque no seu Core Business Atrav\u00e9s de uma colabora\u00e7\u00e3o eficiente, utilizando metodologias efetivas e contando com profissionais altamente capacitados, a Audicont tem a expertise de estruturar \u2013 ou reestruturar \u2013 as \u00e1reas tribut\u00e1ria, financeira e cont\u00e1bil da sua organiza\u00e7\u00e3o, estabelecer ou simplificar processos e padr\u00f5es com excel\u00eancia, confiabilidade e dedica\u00e7\u00e3o.&nbsp;A ado\u00e7\u00e3o do outsourcing [&hellip;]<\/p>\n","protected":false},"author":1,"featured_media":0,"parent":1176,"menu_order":0,"comment_status":"closed","ping_status":"closed","template":"","meta":{"footnotes":""},"class_list":["post-1074","page","type-page","status-publish","hentry"],"_links":{"self":[{"href":"https:\/\/audicont.com.br\/index.php?rest_route=\/wp\/v2\/pages\/1074","targetHints":{"allow":["GET"]}}],"collection":[{"href":"https:\/\/audicont.com.br\/index.php?rest_route=\/wp\/v2\/pages"}],"about":[{"href":"https:\/\/audicont.com.br\/index.php?rest_route=\/wp\/v2\/types\/page"}],"author":[{"embeddable":true,"href":"https:\/\/audicont.com.br\/index.php?rest_route=\/wp\/v2\/users\/1"}],"replies":[{"embeddable":true,"href":"https:\/\/audicont.com.br\/index.php?rest_route=%2Fwp%2Fv2%2Fcomments&post=1074"}],"version-history":[{"count":55,"href":"https:\/\/audicont.com.br\/index.php?rest_route=\/wp\/v2\/pages\/1074\/revisions"}],"predecessor-version":[{"id":2177,"href":"https:\/\/audicont.com.br\/index.php?rest_route=\/wp\/v2\/pages\/1074\/revisions\/2177"}],"up":[{"embeddable":true,"href":"https:\/\/audicont.com.br\/index.php?rest_route=\/wp\/v2\/pages\/1176"}],"wp:attachment":[{"href":"https:\/\/audicont.com.br\/index.php?rest_route=%2Fwp%2Fv2%2Fmedia&parent=1074"}],"curies":[{"name":"wp","href":"https:\/\/api.w.org\/{rel}","templated":true}]}}