{"id":66,"date":"2023-08-04T11:43:58","date_gmt":"2023-08-04T14:43:58","guid":{"rendered":"https:\/\/audicont.com.br\/?page_id=66"},"modified":"2023-09-03T22:31:37","modified_gmt":"2023-09-04T01:31:37","slug":"consultoria-diagnostico","status":"publish","type":"page","link":"http:\/\/audicont.com.br\/?page_id=66","title":{"rendered":"Consultoria de Diagn\u00f3stico"},"content":{"rendered":"<style>\/*! elementor - v3.15.0 - 20-08-2023 *\/<br \/>\n.elementor-widget-divider{--divider-border-style:none;--divider-border-width:1px;--divider-color:#0c0d0e;--divider-icon-size:20px;--divider-element-spacing:10px;--divider-pattern-height:24px;--divider-pattern-size:20px;--divider-pattern-url:none;--divider-pattern-repeat:repeat-x}.elementor-widget-divider .elementor-divider{display:flex}.elementor-widget-divider .elementor-divider__text{font-size:15px;line-height:1;max-width:95%}.elementor-widget-divider .elementor-divider__element{margin:0 var(--divider-element-spacing);flex-shrink:0}.elementor-widget-divider .elementor-icon{font-size:var(--divider-icon-size)}.elementor-widget-divider .elementor-divider-separator{display:flex;margin:0;direction:ltr}.elementor-widget-divider--view-line_icon .elementor-divider-separator,.elementor-widget-divider--view-line_text .elementor-divider-separator{align-items:center}.elementor-widget-divider--view-line_icon .elementor-divider-separator:after,.elementor-widget-divider--view-line_icon .elementor-divider-separator:before,.elementor-widget-divider--view-line_text .elementor-divider-separator:after,.elementor-widget-divider--view-line_text .elementor-divider-separator:before{display:block;content:\"\";border-bottom:0;flex-grow:1;border-top:var(--divider-border-width) var(--divider-border-style) var(--divider-color)}.elementor-widget-divider--element-align-left .elementor-divider .elementor-divider-separator>.elementor-divider__svg:first-of-type{flex-grow:0;flex-shrink:100}.elementor-widget-divider--element-align-left .elementor-divider-separator:before{content:none}.elementor-widget-divider--element-align-left .elementor-divider__element{margin-left:0}.elementor-widget-divider--element-align-right .elementor-divider .elementor-divider-separator>.elementor-divider__svg:last-of-type{flex-grow:0;flex-shrink:100}.elementor-widget-divider--element-align-right .elementor-divider-separator:after{content:none}.elementor-widget-divider--element-align-right .elementor-divider__element{margin-right:0}.elementor-widget-divider:not(.elementor-widget-divider--view-line_text):not(.elementor-widget-divider--view-line_icon) .elementor-divider-separator{border-top:var(--divider-border-width) var(--divider-border-style) var(--divider-color)}.elementor-widget-divider--separator-type-pattern{--divider-border-style:none}.elementor-widget-divider--separator-type-pattern.elementor-widget-divider--view-line .elementor-divider-separator,.elementor-widget-divider--separator-type-pattern:not(.elementor-widget-divider--view-line) .elementor-divider-separator:after,.elementor-widget-divider--separator-type-pattern:not(.elementor-widget-divider--view-line) .elementor-divider-separator:before,.elementor-widget-divider--separator-type-pattern:not([class*=elementor-widget-divider--view]) .elementor-divider-separator{width:100%;min-height:var(--divider-pattern-height);-webkit-mask-size:var(--divider-pattern-size) 100%;mask-size:var(--divider-pattern-size) 100%;-webkit-mask-repeat:var(--divider-pattern-repeat);mask-repeat:var(--divider-pattern-repeat);background-color:var(--divider-color);-webkit-mask-image:var(--divider-pattern-url);mask-image:var(--divider-pattern-url)}.elementor-widget-divider--no-spacing{--divider-pattern-size:auto}.elementor-widget-divider--bg-round{--divider-pattern-repeat:round}.rtl .elementor-widget-divider .elementor-divider__text{direction:rtl}.e-con-inner>.elementor-widget-divider,.e-con>.elementor-widget-divider{width:var(--container-widget-width,100%);--flex-grow:var(--container-widget-flex-grow)}<\/style>\n<p>&nbsp;<\/p>\n<p>Na Audicont, os servi\u00e7os de consultoria de diagn\u00f3stico visam identificar, analisar e resolver gargalos ou desafios enfrentados por uma organiza\u00e7\u00e3o. Salientamos que ao longo de todo o trabalho, nossos consultores mant\u00e9m uma comunica\u00e7\u00e3o objetiva e transparente com a administra\u00e7\u00e3o para garantir que as necessidades e expectativas sejam atendidas.<\/p>\n<style>\/*! elementor - v3.15.0 - 20-08-2023 *\/<br \/>\n.elementor-heading-title{padding:0;margin:0;line-height:1}.elementor-widget-heading .elementor-heading-title[class*=elementor-size-]>a{color:inherit;font-size:inherit;line-height:inherit}.elementor-widget-heading .elementor-heading-title.elementor-size-small{font-size:15px}.elementor-widget-heading .elementor-heading-title.elementor-size-medium{font-size:19px}.elementor-widget-heading .elementor-heading-title.elementor-size-large{font-size:29px}.elementor-widget-heading .elementor-heading-title.elementor-size-xl{font-size:39px}.elementor-widget-heading .elementor-heading-title.elementor-size-xxl{font-size:59px}<\/style>\n<h4>Cont\u00e1bil<\/h4>\n<p>O trabalho consiste em analisar a precis\u00e3o e a conformidade dos registros cont\u00e1beis da empresa com as normas aplic\u00e1veis. Al\u00e9m disso, tamb\u00e9m s\u00e3o avaliados crit\u00e9rios que podem ser identificados como novos m\u00e9todos para melhorar a efici\u00eancia dos processos.<\/p>\n<h4>Tribut\u00e1rio<\/h4>\n<p>A consultoria de diagn\u00f3stico tribut\u00e1rio visa a avalia\u00e7\u00e3o de todas as suas obriga\u00e7\u00f5es fiscais, aproveitando ao m\u00e1ximo as oportunidades de planejamento tribut\u00e1rio. Isto pode incluir uma revis\u00e3o das obriga\u00e7\u00f5es acess\u00f3rias e dos tributos federais, estaduais e municipais.<\/p>\n<h4>Financeiro<\/h4>\n<p>O diagn\u00f3stico da \u00e1rea financeira analisa a situa\u00e7\u00e3o empresarial, incluindo a an\u00e1lise de liquidez, rentabilidade, estrutura de capital e efici\u00eancia operacional. Tamb\u00e9m \u00e9 poss\u00edvel que sejam apontadas em relat\u00f3rio a\u00e7\u00f5es de melhoria cont\u00ednua, bem como, novas estrat\u00e9gias para aprimorar os controles internos e desempenho financeiro.<\/p>\n<h4>Recursos Humanos<\/h4>\n<p>Dentro do que envolve gest\u00e3o de pessoas, a Audicont adota uma abordagem clara e transparente.<\/p>\n<ul>\n<li>Avalia\u00e7\u00e3o dos controles internos mantidos pela a \u00e1rea de pessoal;<\/li>\n<li>Revis\u00e3o do cumprimento das legisla\u00e7\u00f5es trabalhista e previdenci\u00e1ria;<\/li>\n<li>Confer\u00eancia dos c\u00e1lculos dos proventos e descontos efetuados nos sal\u00e1rios dos empregados;<\/li>\n<li>Confer\u00eancia dos principais proventos pagos pela Empresa (sal\u00e1rios, horas extras, periculosidade, insalubridade, verbas n\u00e3o salariais, etc);<\/li>\n<li>Revis\u00e3o dos procedimentos adotados para c\u00e1lculo e pagamento das Contribui\u00e7\u00f5es Sociais e do Fundo de Garantia por Tempo de Servi\u00e7o;<\/li>\n<li>Revis\u00e3o do registro de empregados e folhas de pagamento, tendo em vista as exig\u00eancias\u00a0 da\u00a0 CLT, INSS e FGTS;<\/li>\n<li>Revis\u00e3o dos comprovantes das indeniza\u00e7\u00f5es trabalhistas e rescis\u00f5es contratuais.<\/li>\n<\/ul>\n<h4>Compras e Contrata\u00e7\u00e3o de Servi\u00e7os<\/h4>\n<p>Nesta \u00e1rea, nossos consultores podem analisar a efici\u00eancia da cadeia de suprimentos da empresa, desde a gest\u00e3o de fornecedores \u00e0 efici\u00eancia dos processos de compra e a gest\u00e3o de estoques.<\/p>\n<p><b><strong>Servi\u00e7os inclusos no escopo:<\/strong><\/b><\/p>\n<p>\u2022 Avalia\u00e7\u00e3o dos controles internos mantidos no setor de compras;<br \/>\n\u2022 Confer\u00eancia das principais compras de materiais e contrata\u00e7\u00e3o de servi\u00e7os;<br \/>\n\u2022 An\u00e1lise dos processos de compras (cota\u00e7\u00f5es, contratos, autoriza\u00e7\u00f5es de fornecimentos, documenta\u00e7\u00e3o fiscal suporte, autoriza\u00e7\u00e3o de pagamentos, etc);<br \/>\n\u2022 Revis\u00e3o dos c\u00e1lculos dos tributos destacados no corpo da nota fiscal;<br \/>\n\u2022 An\u00e1lise das contas a pagar em atraso;<br \/>\n\u2022 Revis\u00e3o da movimenta\u00e7\u00e3o das contas a pagar a fornecedores;<br \/>\n\u2022 Confronto entre o saldo contido no relat\u00f3rio gerado pelo setor financeiro com o saldo cont\u00e1bil.<\/p>\n","protected":false},"excerpt":{"rendered":"<p>&nbsp; Na Audicont, os servi\u00e7os de consultoria de diagn\u00f3stico visam identificar, analisar e resolver gargalos ou desafios enfrentados por uma organiza\u00e7\u00e3o. Salientamos que ao longo de todo o trabalho, nossos consultores mant\u00e9m uma comunica\u00e7\u00e3o objetiva e transparente com a administra\u00e7\u00e3o para garantir que as necessidades e expectativas sejam atendidas. Cont\u00e1bil O trabalho consiste em analisar [&hellip;]<\/p>\n","protected":false},"author":1,"featured_media":739,"parent":1172,"menu_order":0,"comment_status":"closed","ping_status":"closed","template":"","meta":{"footnotes":""},"class_list":["post-66","page","type-page","status-publish","has-post-thumbnail","hentry"],"_links":{"self":[{"href":"http:\/\/audicont.com.br\/index.php?rest_route=\/wp\/v2\/pages\/66","targetHints":{"allow":["GET"]}}],"collection":[{"href":"http:\/\/audicont.com.br\/index.php?rest_route=\/wp\/v2\/pages"}],"about":[{"href":"http:\/\/audicont.com.br\/index.php?rest_route=\/wp\/v2\/types\/page"}],"author":[{"embeddable":true,"href":"http:\/\/audicont.com.br\/index.php?rest_route=\/wp\/v2\/users\/1"}],"replies":[{"embeddable":true,"href":"http:\/\/audicont.com.br\/index.php?rest_route=%2Fwp%2Fv2%2Fcomments&post=66"}],"version-history":[{"count":49,"href":"http:\/\/audicont.com.br\/index.php?rest_route=\/wp\/v2\/pages\/66\/revisions"}],"predecessor-version":[{"id":2025,"href":"http:\/\/audicont.com.br\/index.php?rest_route=\/wp\/v2\/pages\/66\/revisions\/2025"}],"up":[{"embeddable":true,"href":"http:\/\/audicont.com.br\/index.php?rest_route=\/wp\/v2\/pages\/1172"}],"wp:featuredmedia":[{"embeddable":true,"href":"http:\/\/audicont.com.br\/index.php?rest_route=\/wp\/v2\/media\/739"}],"wp:attachment":[{"href":"http:\/\/audicont.com.br\/index.php?rest_route=%2Fwp%2Fv2%2Fmedia&parent=66"}],"curies":[{"name":"wp","href":"https:\/\/api.w.org\/{rel}","templated":true}]}}